{"id":14,"date":"2014-01-23T23:26:10","date_gmt":"2014-01-23T22:26:10","guid":{"rendered":"http:\/\/www.planetariumbressan.org\/?page_id=14"},"modified":"2023-08-29T14:58:04","modified_gmt":"2023-08-29T13:58:04","slug":"animations","status":"publish","type":"page","link":"https:\/\/www.planetariumbressan.org\/?page_id=14","title":{"rendered":"Animations"},"content":{"rendered":"<p>Le plan\u00e9tarium simule l\u2019aspect du ciel \u00e9toil\u00e9 pour un moment donn\u00e9. Le projecteur vid\u00e9o central permet \u00e9galement de diffuser toutes sortes d\u2019images \u00ab pleine voute \u00bb.<\/p>\n<h3><b>Scolaires<\/b><\/h3>\n<p>Les sujets habituellement abord\u00e9s sont:<\/p>\n<ul>\n<li>les mouvements apparents du soleil et leurs cons\u00e9quences (dur\u00e9e du jour, saisons)<\/li>\n<li>les mouvements de la terre et de la lune<\/li>\n<li>le syst\u00e8me solaire<\/li>\n<li>les \u00e9toiles et notre galaxie, la Voie Lact\u00e9e<\/li>\n<li>l\u2019Univers qui nous entoure, la nature physique de la lumi\u00e8re<\/li>\n<\/ul>\n<p>le contenu est adapt\u00e9 au cas par cas pour les scolaires de la maternelle au lyc\u00e9e. il est n\u00e9cessaire de\u00a0<a title=\"Contact\" href=\"http:\/\/www.planetariumbressan.org\/?page_id=22\">prendre contact<\/a>\u00a0pour d\u00e9terminer la nature et le format de l\u2019intervention. <em>Dur\u00e9e moyenne d&rsquo;une s\u00e9ance: entre 30 et 45 minutes.<\/em><\/p>\n<p><a href=\"http:\/\/www.planetariumbressan.org\/wp-content\/uploads\/2023\/08\/V5-propositions2023-2024-planetariumbressan.pdf\">Proposition d&rsquo;animations \u00e0 destination des \u00e9coles<\/a><\/p>\n<h3><b>Public familial<\/b><\/h3>\n<p>animations et mini-spectacles pour parents et enfants \u00e0 partir de 4 ans<br \/>\n<em>dur\u00e9e moyenne de la s\u00e9ance: 30 minutes<\/em><\/p>\n<ul>\n<li>P\u2019ti mousse, le marin catalan<\/li>\n<li>Le Doudou de Rachelle<\/li>\n<li>Le ciel des bergers de Provence<\/li>\n<li>le ciel des 4 saisons<\/li>\n<\/ul>\n<p>Bien d&rsquo;autres spectacles sont disponibles. Nous demander.<\/p>\n","protected":false},"excerpt":{"rendered":"<p>Le plan\u00e9tarium simule l\u2019aspect du ciel \u00e9toil\u00e9 pour un moment donn\u00e9. Le projecteur vid\u00e9o central permet \u00e9galement de diffuser toutes sortes d\u2019images \u00ab pleine voute \u00bb. Scolaires Les sujets habituellement abord\u00e9s sont: les mouvements apparents du soleil et leurs cons\u00e9quences (dur\u00e9e du jour, saisons) les mouvements de la terre et de la lune le syst\u00e8me [&hellip;]<\/p>\n","protected":false},"author":1,"featured_media":0,"parent":0,"menu_order":0,"comment_status":"closed","ping_status":"open","template":"","meta":{"footnotes":""},"class_list":["post-14","page","type-page","status-publish","hentry"],"_links":{"self":[{"href":"https:\/\/www.planetariumbressan.org\/index.php?rest_route=\/wp\/v2\/pages\/14","targetHints":{"allow":["GET"]}}],"collection":[{"href":"https:\/\/www.planetariumbressan.org\/index.php?rest_route=\/wp\/v2\/pages"}],"about":[{"href":"https:\/\/www.planetariumbressan.org\/index.php?rest_route=\/wp\/v2\/types\/page"}],"author":[{"embeddable":true,"href":"https:\/\/www.planetariumbressan.org\/index.php?rest_route=\/wp\/v2\/users\/1"}],"replies":[{"embeddable":true,"href":"https:\/\/www.planetariumbressan.org\/index.php?rest_route=%2Fwp%2Fv2%2Fcomments&post=14"}],"version-history":[{"count":17,"href":"https:\/\/www.planetariumbressan.org\/index.php?rest_route=\/wp\/v2\/pages\/14\/revisions"}],"predecessor-version":[{"id":137,"href":"https:\/\/www.planetariumbressan.org\/index.php?rest_route=\/wp\/v2\/pages\/14\/revisions\/137"}],"wp:attachment":[{"href":"https:\/\/www.planetariumbressan.org\/index.php?rest_route=%2Fwp%2Fv2%2Fmedia&parent=14"}],"curies":[{"name":"wp","href":"https:\/\/api.w.org\/{rel}","templated":true}]}}