{"id":16,"date":"2014-01-23T23:26:51","date_gmt":"2014-01-23T22:26:51","guid":{"rendered":"http:\/\/www.planetariumbressan.org\/?page_id=16"},"modified":"2023-08-29T14:59:39","modified_gmt":"2023-08-29T13:59:39","slug":"conditions","status":"publish","type":"page","link":"https:\/\/www.planetariumbressan.org\/?page_id=16","title":{"rendered":"Conditions"},"content":{"rendered":"<h3><b><i>Technique<\/i><\/b><\/h3>\n<p><span style=\"color: #ff0000;\"><b><i>Attention : installation en int\u00e9rieur uniquement<\/i><\/b><\/span><\/p>\n<ul>\n<li>salle de 6\u00d75 m soit 30 m\u00b2 environ<\/li>\n<li>hauteur de plafond 2,8 m minimum<\/li>\n<li>prise de courant 220 v avec prise de terre<\/li>\n<\/ul>\n<h3><b>Mise en place<\/b><\/h3>\n<ul>\n<li>temps d\u2019installation: \u00bd heure environ<\/li>\n<li>dur\u00e9e de l\u2019animation: entre \u00bd et \u00be d\u2019heure par groupe<\/li>\n<li>capacit\u00e9 20 \u00e0 25 \u00e9l\u00e8ves selon leur taille ou 19 adultes<\/li>\n<li>animations scolaires: pr\u00e9voir un contact pr\u00e9alable pour d\u00e9finir la nature de l\u2019intervention<\/li>\n<\/ul>\n<h3><b>Tarifs indicatifs 2023-2024<br \/>\n<\/b><\/h3>\n<table border=\"0\" width=\"45%\">\n<tbody>\n<tr>\n<td width=\"66%\">\u00a0tarification \u00e0 l\u2019heure<\/td>\n<td width=\"34%\">60 \u20ac \/heure<\/td>\n<\/tr>\n<\/tbody>\n<\/table>\n<p align=\"left\"><i><b>Pr\u00e9voir les frais de d\u00e9placement en sus suivant votre commune (bar\u00e8me kilom\u00e9trique 0,636 \u20ac\/km depuis le domicile de l&rsquo;animateur)<\/b><\/i><\/p>\n<h4 align=\"left\"><b><i>N\u2019h\u00e9sitez pas \u00e0 nous<a title=\"Contact\" href=\"http:\/\/www.planetariumbressan.org\/?page_id=22\">\u00a0contacter<\/a>\u00a0pour un devis<\/i><\/b><\/h4>\n","protected":false},"excerpt":{"rendered":"<p>Technique Attention : installation en int\u00e9rieur uniquement salle de 6\u00d75 m soit 30 m\u00b2 environ hauteur de plafond 2,8 m minimum prise de courant 220 v avec prise de terre Mise en place temps d\u2019installation: \u00bd heure environ dur\u00e9e de l\u2019animation: entre \u00bd et \u00be d\u2019heure par groupe capacit\u00e9 20 \u00e0 25 \u00e9l\u00e8ves selon leur [&hellip;]<\/p>\n","protected":false},"author":1,"featured_media":0,"parent":0,"menu_order":0,"comment_status":"closed","ping_status":"open","template":"","meta":{"footnotes":""},"class_list":["post-16","page","type-page","status-publish","hentry"],"_links":{"self":[{"href":"https:\/\/www.planetariumbressan.org\/index.php?rest_route=\/wp\/v2\/pages\/16","targetHints":{"allow":["GET"]}}],"collection":[{"href":"https:\/\/www.planetariumbressan.org\/index.php?rest_route=\/wp\/v2\/pages"}],"about":[{"href":"https:\/\/www.planetariumbressan.org\/index.php?rest_route=\/wp\/v2\/types\/page"}],"author":[{"embeddable":true,"href":"https:\/\/www.planetariumbressan.org\/index.php?rest_route=\/wp\/v2\/users\/1"}],"replies":[{"embeddable":true,"href":"https:\/\/www.planetariumbressan.org\/index.php?rest_route=%2Fwp%2Fv2%2Fcomments&post=16"}],"version-history":[{"count":10,"href":"https:\/\/www.planetariumbressan.org\/index.php?rest_route=\/wp\/v2\/pages\/16\/revisions"}],"predecessor-version":[{"id":139,"href":"https:\/\/www.planetariumbressan.org\/index.php?rest_route=\/wp\/v2\/pages\/16\/revisions\/139"}],"wp:attachment":[{"href":"https:\/\/www.planetariumbressan.org\/index.php?rest_route=%2Fwp%2Fv2%2Fmedia&parent=16"}],"curies":[{"name":"wp","href":"https:\/\/api.w.org\/{rel}","templated":true}]}}