{"id":6,"date":"2014-01-23T23:22:13","date_gmt":"2014-01-23T22:22:13","guid":{"rendered":"http:\/\/www.planetariumbressan.org\/?page_id=6"},"modified":"2024-11-03T18:40:43","modified_gmt":"2024-11-03T17:40:43","slug":"bienvenue","status":"publish","type":"page","link":"https:\/\/www.planetariumbressan.org\/","title":{"rendered":"Rentr\u00e9e 2024-2025"},"content":{"rendered":"<h4><strong><span style=\"color: #ff0000;\">Nos animations scolaires sont toujours l\u00e0.<\/span><br \/>\n<\/strong><\/h4>\n<p><strong>N&rsquo;h\u00e9sitez pas \u00e0 prendre contact pour programmer notre venue !!!<br \/>\n<\/strong><\/p>\n<p>D\u00e9couvrez l\u2019Astronomie de mani\u00e8re spectaculaire et captivante gr\u00e2ce \u00e0 notre plan\u00e9tarium et son inventeur, premier num\u00e9rique itin\u00e9rant de France.<\/p>\n<p><a href=\"http:\/\/www.planetariumbressan.org\/wp-content\/uploads\/2014\/01\/dome1.jpg\"><img loading=\"lazy\" decoding=\"async\" class=\"size-full wp-image-38 aligncenter\" src=\"http:\/\/www.planetariumbressan.org\/wp-content\/uploads\/2014\/01\/dome1.jpg\" alt=\"dome\" width=\"500\" height=\"325\" srcset=\"https:\/\/www.planetariumbressan.org\/wp-content\/uploads\/2014\/01\/dome1.jpg 500w, https:\/\/www.planetariumbressan.org\/wp-content\/uploads\/2014\/01\/dome1-300x195.jpg 300w\" sizes=\"auto, (max-width: 500px) 100vw, 500px\" \/><\/a><\/p>\n<p>A l\u2019int\u00e9rieur du d\u00f4me gonflable de 4,5m, admirez le ciel \u00e9toil\u00e9 et embarquez pour un \u00ab\u00a0voyage virtuel\u00a0\u00bb dans l\u2019ensemble du syst\u00e8me solaire et au del\u00e0 dans notre Galaxie, aux confins de l&rsquo;Univers&#8230;<\/p>\n<p><a href=\"http:\/\/www.planetariumbressan.org\/wp-content\/uploads\/2014\/01\/explorer-le-systeme-solaire.jpg\"><img loading=\"lazy\" decoding=\"async\" class=\"size-full wp-image-78 alignnone\" src=\"http:\/\/www.planetariumbressan.org\/wp-content\/uploads\/2014\/01\/explorer-le-systeme-solaire.jpg\" alt=\"explorer-le-systeme-solaire\" width=\"700\" height=\"599\" srcset=\"https:\/\/www.planetariumbressan.org\/wp-content\/uploads\/2014\/01\/explorer-le-systeme-solaire.jpg 700w, https:\/\/www.planetariumbressan.org\/wp-content\/uploads\/2014\/01\/explorer-le-systeme-solaire-300x256.jpg 300w\" sizes=\"auto, (max-width: 700px) 100vw, 700px\" \/><\/a><\/p>\n","protected":false},"excerpt":{"rendered":"<p>Nos animations scolaires sont toujours l\u00e0. N&rsquo;h\u00e9sitez pas \u00e0 prendre contact pour programmer notre venue !!! D\u00e9couvrez l\u2019Astronomie de mani\u00e8re spectaculaire et captivante gr\u00e2ce \u00e0 notre plan\u00e9tarium et son inventeur, premier num\u00e9rique itin\u00e9rant de France. A l\u2019int\u00e9rieur du d\u00f4me gonflable de 4,5m, admirez le ciel \u00e9toil\u00e9 et embarquez pour un \u00ab\u00a0voyage virtuel\u00a0\u00bb dans l\u2019ensemble du [&hellip;]<\/p>\n","protected":false},"author":1,"featured_media":0,"parent":0,"menu_order":0,"comment_status":"closed","ping_status":"open","template":"","meta":{"footnotes":""},"class_list":["post-6","page","type-page","status-publish","hentry"],"_links":{"self":[{"href":"https:\/\/www.planetariumbressan.org\/index.php?rest_route=\/wp\/v2\/pages\/6","targetHints":{"allow":["GET"]}}],"collection":[{"href":"https:\/\/www.planetariumbressan.org\/index.php?rest_route=\/wp\/v2\/pages"}],"about":[{"href":"https:\/\/www.planetariumbressan.org\/index.php?rest_route=\/wp\/v2\/types\/page"}],"author":[{"embeddable":true,"href":"https:\/\/www.planetariumbressan.org\/index.php?rest_route=\/wp\/v2\/users\/1"}],"replies":[{"embeddable":true,"href":"https:\/\/www.planetariumbressan.org\/index.php?rest_route=%2Fwp%2Fv2%2Fcomments&post=6"}],"version-history":[{"count":26,"href":"https:\/\/www.planetariumbressan.org\/index.php?rest_route=\/wp\/v2\/pages\/6\/revisions"}],"predecessor-version":[{"id":143,"href":"https:\/\/www.planetariumbressan.org\/index.php?rest_route=\/wp\/v2\/pages\/6\/revisions\/143"}],"wp:attachment":[{"href":"https:\/\/www.planetariumbressan.org\/index.php?rest_route=%2Fwp%2Fv2%2Fmedia&parent=6"}],"curies":[{"name":"wp","href":"https:\/\/api.w.org\/{rel}","templated":true}]}}