{"id":8,"date":"2014-01-23T23:24:01","date_gmt":"2014-01-23T22:24:01","guid":{"rendered":"http:\/\/www.planetariumbressan.org\/?page_id=8"},"modified":"2016-09-09T08:38:13","modified_gmt":"2016-09-09T07:38:13","slug":"lassociation","status":"publish","type":"page","link":"https:\/\/www.planetariumbressan.org\/?page_id=8","title":{"rendered":"L&rsquo;Association"},"content":{"rendered":"<blockquote>\n<p align=\"center\"><strong>Le Plan\u00e9tarium Bressan<\/strong> \u00a0est une association loi 1901 d\u00e9clar\u00e9e \u00e0 la pr\u00e9fecture de l\u2019Ain, ayant pour but de \u00ab\u00a0diffuser la connaissance scientifique et technique aupr\u00e8s du public, plus particuli\u00e8rement dans le domaine de l\u2019astronomie et de l\u2019astronautique\u00a0\u00bb<\/p>\n<\/blockquote>\n<p>Notre activit\u00e9 principale est bas\u00e9e sur l\u2019utilisation d\u2019un plan\u00e9tarium mobile. nous intervenons \u00e0 la demande dans tous types de structure:<\/p>\n<ul>\n<li>scolaires: \u00e9coles, coll\u00e8ges, lyc\u00e9es<\/li>\n<li>associations astronomiques, cuturelles, MJC, centres de loisirs, etc<\/li>\n<li>Nous participons \u00e9galement \u00e0 la nuit des \u00e9toiles et \u00e0 la f\u00eate de la science.<\/li>\n<\/ul>\n<p>Notre action se concentre principalement sur le d\u00e9partement de l\u2019Ain et les d\u00e9partements limitrophes<\/p>\n<h3><b>L\u2019\u00e9quipe d\u2019animation<\/b><\/h3>\n<p>Compos\u00e9e de b\u00e9n\u00e9voles, enseignants, elle assure la cr\u00e9ation et l\u2019animation des spectacles. Notre animateur principal, Yves Lhoumeau est titulaire du dipl\u00f4me universitaire d\u2019astronomie\/astrophysique de l\u2019Universit\u00e9 Paris XI Orsay. Il est par ailleurs l&rsquo;un des d\u00e9veloppeur du<a href=\"http:\/\/www.lss-planetariums.info\/index.php?lang=fr&amp;menu=projector&amp;page=home\" target=\"_blank\"> LSS-Plan\u00e9tarium, concept de petits plan\u00e9tariums num\u00e9riques itin\u00e9rants<\/a><\/p>\n","protected":false},"excerpt":{"rendered":"<p>Le Plan\u00e9tarium Bressan \u00a0est une association loi 1901 d\u00e9clar\u00e9e \u00e0 la pr\u00e9fecture de l\u2019Ain, ayant pour but de \u00ab\u00a0diffuser la connaissance scientifique et technique aupr\u00e8s du public, plus particuli\u00e8rement dans le domaine de l\u2019astronomie et de l\u2019astronautique\u00a0\u00bb Notre activit\u00e9 principale est bas\u00e9e sur l\u2019utilisation d\u2019un plan\u00e9tarium mobile. nous intervenons \u00e0 la demande dans tous types [&hellip;]<\/p>\n","protected":false},"author":1,"featured_media":0,"parent":0,"menu_order":0,"comment_status":"closed","ping_status":"open","template":"","meta":{"footnotes":""},"class_list":["post-8","page","type-page","status-publish","hentry"],"_links":{"self":[{"href":"https:\/\/www.planetariumbressan.org\/index.php?rest_route=\/wp\/v2\/pages\/8","targetHints":{"allow":["GET"]}}],"collection":[{"href":"https:\/\/www.planetariumbressan.org\/index.php?rest_route=\/wp\/v2\/pages"}],"about":[{"href":"https:\/\/www.planetariumbressan.org\/index.php?rest_route=\/wp\/v2\/types\/page"}],"author":[{"embeddable":true,"href":"https:\/\/www.planetariumbressan.org\/index.php?rest_route=\/wp\/v2\/users\/1"}],"replies":[{"embeddable":true,"href":"https:\/\/www.planetariumbressan.org\/index.php?rest_route=%2Fwp%2Fv2%2Fcomments&post=8"}],"version-history":[{"count":6,"href":"https:\/\/www.planetariumbressan.org\/index.php?rest_route=\/wp\/v2\/pages\/8\/revisions"}],"predecessor-version":[{"id":83,"href":"https:\/\/www.planetariumbressan.org\/index.php?rest_route=\/wp\/v2\/pages\/8\/revisions\/83"}],"wp:attachment":[{"href":"https:\/\/www.planetariumbressan.org\/index.php?rest_route=%2Fwp%2Fv2%2Fmedia&parent=8"}],"curies":[{"name":"wp","href":"https:\/\/api.w.org\/{rel}","templated":true}]}}